{"id":1834,"date":"2021-10-19T11:52:06","date_gmt":"2021-10-19T09:52:06","guid":{"rendered":"https:\/\/www.newfantachrome.it\/la-empresa\/"},"modified":"2021-10-19T11:52:08","modified_gmt":"2021-10-19T09:52:08","slug":"la-empresa","status":"publish","type":"page","link":"https:\/\/www.newfantachrome.it\/es\/la-empresa\/","title":{"rendered":"La empresa"},"content":{"rendered":"<div class=\"fusion-fullwidth fullwidth-box fusion-builder-row-1 fusion-flex-container nonhundred-percent-fullwidth non-hundred-percent-height-scrolling\" style=\"--awb-background-position:center top;--awb-border-radius-top-left:0px;--awb-border-radius-top-right:0px;--awb-border-radius-bottom-right:0px;--awb-border-radius-bottom-left:0px;--awb-padding-top:2%;--awb-padding-bottom:10%;--awb-flex-wrap:wrap;\" ><div class=\"fusion-builder-row fusion-row fusion-flex-align-items-flex-start fusion-flex-content-wrap\" style=\"max-width:calc( 1300px + 40px );margin-left: calc(-40px \/ 2 );margin-right: calc(-40px \/ 2 );\"><div class=\"fusion-layout-column fusion_builder_column fusion-builder-column-0 fusion_builder_column_2_3 2_3 fusion-flex-column fusion-animated\" style=\"--awb-bg-size:cover;--awb-width-large:66.666666666667%;--awb-margin-top-large:0px;--awb-spacing-right-large:20px;--awb-margin-bottom-large:20px;--awb-spacing-left-large:20px;--awb-width-medium:100%;--awb-spacing-right-medium:20px;--awb-spacing-left-medium:20px;--awb-width-small:100%;--awb-spacing-right-small:20px;--awb-spacing-left-small:20px;\" data-animationType=\"fadeInDown\" data-animationDuration=\"0.6\" data-animationOffset=\"top-into-view\"><div class=\"fusion-column-wrapper fusion-flex-justify-content-flex-start fusion-content-layout-column\"><div class=\"fusion-text fusion-text-1\"><p>Newfantachrome es la empresa que invent\u00f3 hace m\u00e1s 25 a\u00f1os las soluciones spray para lograr el efecto Cromo sobre practicamente cualquiera superficie! Nuestro mote es \u2026\u201dSi se puede barnizar se puede cromar!\u201d y realmente fuimos m\u00e1s all\u00e1 de este lema, encontrando soluciones para barnizar tambi\u00e9n materiales como el polistireno! Alguien trat\u00f3 imitar nuestras soluciones, pero nuestras actividades de B\u00fasqueda y Desarrollo son tan din\u00e1micas y eficientes que nuestros productos pertenecen al futuro mientras que todo el resto es prehistoria! No s\u00f3lo tenemos las mejores soluciones para alcanzar el acabado efecto cromo, sino las integramos con efectos \u00fanicos como el cracked, el Ice y el 3D. Los encargados de los trabajos como barnizadores, arquitectos, designeres, no acaban pensando en nuevas posibles aplicaciones que ya otras nacen. Inimaginables las ventajas econ\u00f3micas que el empleo de materiales m\u00e1s baratos, m\u00e1s facilmente lavorables, m\u00e1s ligeros pueden otorgar a proveedor y cliente. Cualquiera material normalmente descartado por su est\u00e9tica poco noble podr\u00e1 ser empleado y transformado desde patito en cisne despu\u00e9s de la aplicaci\u00f3n de nuestros productos! Nos gusta aconsejar a nuestros clientes testarnos concretamente, las palabras las dejamos a los otros, nosotros preferimos los hechos concretos de m\u00e1s que 25 a\u00f1os de actividad!<\/p>\n<\/div><\/div><\/div><div class=\"fusion-layout-column fusion_builder_column fusion-builder-column-1 fusion_builder_column_1_3 1_3 fusion-flex-column\" style=\"--awb-bg-size:cover;--awb-width-large:33.333333333333%;--awb-margin-top-large:0px;--awb-spacing-right-large:20px;--awb-margin-bottom-large:20px;--awb-spacing-left-large:20px;--awb-width-medium:100%;--awb-order-medium:0;--awb-spacing-right-medium:20px;--awb-spacing-left-medium:20px;--awb-width-small:100%;--awb-order-small:0;--awb-spacing-right-small:20px;--awb-spacing-left-small:20px;\"><div class=\"fusion-column-wrapper fusion-column-has-shadow fusion-flex-justify-content-flex-start fusion-content-layout-column\"><div class=\"fusion-image-element \" style=\"--awb-caption-title-font-family:var(--h2_typography-font-family);--awb-caption-title-font-weight:var(--h2_typography-font-weight);--awb-caption-title-font-style:var(--h2_typography-font-style);--awb-caption-title-size:var(--h2_typography-font-size);--awb-caption-title-transform:var(--h2_typography-text-transform);--awb-caption-title-line-height:var(--h2_typography-line-height);--awb-caption-title-letter-spacing:var(--h2_typography-letter-spacing);\"><span class=\" fusion-imageframe imageframe-none imageframe-1 hover-type-none\"><img decoding=\"async\" width=\"1024\" height=\"560\" title=\"La empresa\" src=\"https:\/\/www.newfantachrome.it\/wp-content\/uploads\/2021\/10\/azienda.jpg\" data-orig-src=\"https:\/\/www.newfantachrome.it\/wp-content\/uploads\/2021\/10\/azienda.jpg\" alt class=\"lazyload img-responsive wp-image-1134\" srcset=\"data:image\/svg+xml,%3Csvg%20xmlns%3D%27http%3A%2F%2Fwww.w3.org%2F2000%2Fsvg%27%20width%3D%271024%27%20height%3D%27560%27%20viewBox%3D%270%200%201024%20560%27%3E%3Crect%20width%3D%271024%27%20height%3D%27560%27%20fill-opacity%3D%220%22%2F%3E%3C%2Fsvg%3E\" data-srcset=\"https:\/\/www.newfantachrome.it\/wp-content\/uploads\/2021\/10\/azienda-200x109.jpg 200w, https:\/\/www.newfantachrome.it\/wp-content\/uploads\/2021\/10\/azienda-400x219.jpg 400w, https:\/\/www.newfantachrome.it\/wp-content\/uploads\/2021\/10\/azienda-600x328.jpg 600w, https:\/\/www.newfantachrome.it\/wp-content\/uploads\/2021\/10\/azienda-800x438.jpg 800w, https:\/\/www.newfantachrome.it\/wp-content\/uploads\/2021\/10\/azienda.jpg 1024w\" data-sizes=\"auto\" data-orig-sizes=\"(max-width: 1024px) 100vw, (max-width: 640px) 100vw, 600px\" \/><\/span><\/div><\/div><\/div><\/div><\/div>\n","protected":false},"excerpt":{"rendered":"","protected":false},"author":1,"featured_media":0,"parent":0,"menu_order":0,"comment_status":"closed","ping_status":"closed","template":"100-width.php","meta":{"footnotes":""},"yoast_head":"<!-- This site is optimized with the Yoast SEO plugin v22.9 - https:\/\/yoast.com\/wordpress\/plugins\/seo\/ -->\n<title>La empresa - New Fantachrome International<\/title>\n<meta name=\"robots\" content=\"index, follow, max-snippet:-1, max-image-preview:large, max-video-preview:-1\" \/>\n<link rel=\"canonical\" href=\"https:\/\/www.newfantachrome.it\/la-empresa\/\" \/>\n<meta property=\"og:locale\" content=\"es_ES\" \/>\n<meta property=\"og:type\" content=\"article\" \/>\n<meta property=\"og:title\" content=\"La empresa - New Fantachrome International\" \/>\n<meta property=\"og:url\" content=\"https:\/\/www.newfantachrome.it\/la-empresa\/\" \/>\n<meta property=\"og:site_name\" content=\"New Fantachrome International\" \/>\n<meta property=\"article:publisher\" content=\"https:\/\/www.facebook.com\/newfantachrome\" \/>\n<meta property=\"article:modified_time\" content=\"2021-10-19T09:52:08+00:00\" \/>\n<meta name=\"twitter:card\" content=\"summary_large_image\" \/>\n<meta name=\"twitter:label1\" content=\"Tiempo de lectura\" \/>\n\t<meta name=\"twitter:data1\" content=\"5 minutos\" \/>\n<script type=\"application\/ld+json\" class=\"yoast-schema-graph\">{\"@context\":\"https:\/\/schema.org\",\"@graph\":[{\"@type\":\"WebPage\",\"@id\":\"https:\/\/www.newfantachrome.it\/la-empresa\/\",\"url\":\"https:\/\/www.newfantachrome.it\/la-empresa\/\",\"name\":\"La empresa - New Fantachrome International\",\"isPartOf\":{\"@id\":\"https:\/\/www.newfantachrome.it\/#website\"},\"datePublished\":\"2021-10-19T09:52:06+00:00\",\"dateModified\":\"2021-10-19T09:52:08+00:00\",\"breadcrumb\":{\"@id\":\"https:\/\/www.newfantachrome.it\/la-empresa\/#breadcrumb\"},\"inLanguage\":\"es\",\"potentialAction\":[{\"@type\":\"ReadAction\",\"target\":[\"https:\/\/www.newfantachrome.it\/la-empresa\/\"]}]},{\"@type\":\"BreadcrumbList\",\"@id\":\"https:\/\/www.newfantachrome.it\/la-empresa\/#breadcrumb\",\"itemListElement\":[{\"@type\":\"ListItem\",\"position\":1,\"name\":\"Home\",\"item\":\"https:\/\/www.newfantachrome.it\/home\/\"},{\"@type\":\"ListItem\",\"position\":2,\"name\":\"La empresa\"}]},{\"@type\":\"WebSite\",\"@id\":\"https:\/\/www.newfantachrome.it\/#website\",\"url\":\"https:\/\/www.newfantachrome.it\/\",\"name\":\"New Fantachrome International\",\"description\":\"Special paints and equipment\",\"publisher\":{\"@id\":\"https:\/\/www.newfantachrome.it\/#organization\"},\"potentialAction\":[{\"@type\":\"SearchAction\",\"target\":{\"@type\":\"EntryPoint\",\"urlTemplate\":\"https:\/\/www.newfantachrome.it\/?s={search_term_string}\"},\"query-input\":\"required name=search_term_string\"}],\"inLanguage\":\"es\"},{\"@type\":\"Organization\",\"@id\":\"https:\/\/www.newfantachrome.it\/#organization\",\"name\":\"New Fantachrome International\",\"url\":\"https:\/\/www.newfantachrome.it\/\",\"logo\":{\"@type\":\"ImageObject\",\"inLanguage\":\"es\",\"@id\":\"https:\/\/www.newfantachrome.it\/#\/schema\/logo\/image\/\",\"url\":\"https:\/\/www.newfantachrome.it\/wp-content\/uploads\/2021\/09\/logo-scritta-nera-250px.png\",\"contentUrl\":\"https:\/\/www.newfantachrome.it\/wp-content\/uploads\/2021\/09\/logo-scritta-nera-250px.png\",\"width\":250,\"height\":114,\"caption\":\"New Fantachrome International\"},\"image\":{\"@id\":\"https:\/\/www.newfantachrome.it\/#\/schema\/logo\/image\/\"},\"sameAs\":[\"https:\/\/www.facebook.com\/newfantachrome\"]}]}<\/script>\n<!-- \/ Yoast SEO plugin. -->","yoast_head_json":{"title":"La empresa - New Fantachrome International","robots":{"index":"index","follow":"follow","max-snippet":"max-snippet:-1","max-image-preview":"max-image-preview:large","max-video-preview":"max-video-preview:-1"},"canonical":"https:\/\/www.newfantachrome.it\/la-empresa\/","og_locale":"es_ES","og_type":"article","og_title":"La empresa - New Fantachrome International","og_url":"https:\/\/www.newfantachrome.it\/la-empresa\/","og_site_name":"New Fantachrome International","article_publisher":"https:\/\/www.facebook.com\/newfantachrome","article_modified_time":"2021-10-19T09:52:08+00:00","twitter_card":"summary_large_image","twitter_misc":{"Tiempo de lectura":"5 minutos"},"schema":{"@context":"https:\/\/schema.org","@graph":[{"@type":"WebPage","@id":"https:\/\/www.newfantachrome.it\/la-empresa\/","url":"https:\/\/www.newfantachrome.it\/la-empresa\/","name":"La empresa - New Fantachrome International","isPartOf":{"@id":"https:\/\/www.newfantachrome.it\/#website"},"datePublished":"2021-10-19T09:52:06+00:00","dateModified":"2021-10-19T09:52:08+00:00","breadcrumb":{"@id":"https:\/\/www.newfantachrome.it\/la-empresa\/#breadcrumb"},"inLanguage":"es","potentialAction":[{"@type":"ReadAction","target":["https:\/\/www.newfantachrome.it\/la-empresa\/"]}]},{"@type":"BreadcrumbList","@id":"https:\/\/www.newfantachrome.it\/la-empresa\/#breadcrumb","itemListElement":[{"@type":"ListItem","position":1,"name":"Home","item":"https:\/\/www.newfantachrome.it\/home\/"},{"@type":"ListItem","position":2,"name":"La empresa"}]},{"@type":"WebSite","@id":"https:\/\/www.newfantachrome.it\/#website","url":"https:\/\/www.newfantachrome.it\/","name":"New Fantachrome International","description":"Special paints and equipment","publisher":{"@id":"https:\/\/www.newfantachrome.it\/#organization"},"potentialAction":[{"@type":"SearchAction","target":{"@type":"EntryPoint","urlTemplate":"https:\/\/www.newfantachrome.it\/?s={search_term_string}"},"query-input":"required name=search_term_string"}],"inLanguage":"es"},{"@type":"Organization","@id":"https:\/\/www.newfantachrome.it\/#organization","name":"New Fantachrome International","url":"https:\/\/www.newfantachrome.it\/","logo":{"@type":"ImageObject","inLanguage":"es","@id":"https:\/\/www.newfantachrome.it\/#\/schema\/logo\/image\/","url":"https:\/\/www.newfantachrome.it\/wp-content\/uploads\/2021\/09\/logo-scritta-nera-250px.png","contentUrl":"https:\/\/www.newfantachrome.it\/wp-content\/uploads\/2021\/09\/logo-scritta-nera-250px.png","width":250,"height":114,"caption":"New Fantachrome International"},"image":{"@id":"https:\/\/www.newfantachrome.it\/#\/schema\/logo\/image\/"},"sameAs":["https:\/\/www.facebook.com\/newfantachrome"]}]}},"_links":{"self":[{"href":"https:\/\/www.newfantachrome.it\/es\/wp-json\/wp\/v2\/pages\/1834"}],"collection":[{"href":"https:\/\/www.newfantachrome.it\/es\/wp-json\/wp\/v2\/pages"}],"about":[{"href":"https:\/\/www.newfantachrome.it\/es\/wp-json\/wp\/v2\/types\/page"}],"author":[{"embeddable":true,"href":"https:\/\/www.newfantachrome.it\/es\/wp-json\/wp\/v2\/users\/1"}],"replies":[{"embeddable":true,"href":"https:\/\/www.newfantachrome.it\/es\/wp-json\/wp\/v2\/comments?post=1834"}],"version-history":[{"count":3,"href":"https:\/\/www.newfantachrome.it\/es\/wp-json\/wp\/v2\/pages\/1834\/revisions"}],"predecessor-version":[{"id":1837,"href":"https:\/\/www.newfantachrome.it\/es\/wp-json\/wp\/v2\/pages\/1834\/revisions\/1837"}],"wp:attachment":[{"href":"https:\/\/www.newfantachrome.it\/es\/wp-json\/wp\/v2\/media?parent=1834"}],"curies":[{"name":"wp","href":"https:\/\/api.w.org\/{rel}","templated":true}]}}