{"id":1717,"date":"2021-10-13T17:07:41","date_gmt":"2021-10-13T15:07:41","guid":{"rendered":"https:\/\/www.newfantachrome.it\/suparchrome\/"},"modified":"2021-10-13T17:07:55","modified_gmt":"2021-10-13T15:07:55","slug":"suparchrome","status":"publish","type":"page","link":"https:\/\/www.newfantachrome.it\/es\/suparchrome\/","title":{"rendered":"Suparchrome"},"content":{"rendered":"<p><div class=\"fusion-bg-parallax\" data-bg-align=\"center bottom\" data-direction=\"up\" data-mute=\"false\" data-opacity=\"100\" data-velocity=\"-0.3\" data-mobile-enabled=\"false\" data-break_parents=\"0\" data-bg-image=\"https:\/\/www.newfantachrome.it\/wp-content\/uploads\/2021\/09\/fantachrome-top-1.jpg\" data-bg-repeat=\"false\" ><\/div><div class=\"fusion-fullwidth fullwidth-box fusion-builder-row-1 fusion-flex-container fusion-parallax-up nonhundred-percent-fullwidth non-hundred-percent-height-scrolling\" style=\"--awb-background-position:center bottom;--awb-border-radius-top-left:0px;--awb-border-radius-top-right:0px;--awb-border-radius-bottom-right:0px;--awb-border-radius-bottom-left:0px;--awb-padding-top:13%;--awb-padding-bottom:13%;--awb-background-image:url(&quot;https:\/\/www.newfantachrome.it\/wp-content\/uploads\/2021\/09\/fantachrome-top-1.jpg&quot;);--awb-background-size:cover;--awb-flex-wrap:wrap;\" data-preload-img=\"https:\/\/www.newfantachrome.it\/wp-content\/uploads\/2021\/09\/fantachrome-top-1.jpg\" ><div class=\"fusion-builder-row fusion-row fusion-flex-align-items-flex-start fusion-flex-content-wrap\" style=\"max-width:calc( 1300px + 0px );margin-left: calc(-0px \/ 2 );margin-right: calc(-0px \/ 2 );\"><div class=\"fusion-layout-column fusion_builder_column fusion-builder-column-0 fusion_builder_column_1_1 1_1 fusion-flex-column fusion-animated\" style=\"--awb-bg-size:cover;--awb-width-large:100%;--awb-margin-top-large:0px;--awb-spacing-right-large:0px;--awb-margin-bottom-large:20px;--awb-spacing-left-large:0px;--awb-width-medium:100%;--awb-spacing-right-medium:0px;--awb-spacing-left-medium:0px;--awb-width-small:100%;--awb-spacing-right-small:0px;--awb-spacing-left-small:0px;\" data-animationType=\"fadeInDown\" data-animationDuration=\"0.6\" data-animationOffset=\"top-into-view\"><div class=\"fusion-column-wrapper fusion-flex-justify-content-flex-start fusion-content-layout-column\"><\/div><\/div><\/div><\/div><div class=\"fusion-fullwidth fullwidth-box fusion-builder-row-2 fusion-flex-container nonhundred-percent-fullwidth non-hundred-percent-height-scrolling\" style=\"--awb-background-position:left top;--awb-border-radius-top-left:0px;--awb-border-radius-top-right:0px;--awb-border-radius-bottom-right:0px;--awb-border-radius-bottom-left:0px;--awb-padding-top:2%;--awb-padding-bottom:7%;--awb-flex-wrap:wrap;\" ><div class=\"fusion-builder-row fusion-row fusion-flex-align-items-flex-start fusion-flex-content-wrap\" style=\"max-width:1352px;margin-left: calc(-4% \/ 2 );margin-right: calc(-4% \/ 2 );\"><div class=\"fusion-layout-column fusion_builder_column fusion-builder-column-1 fusion_builder_column_1_1 1_1 fusion-flex-column\" style=\"--awb-padding-top:40px;--awb-bg-size:cover;--awb-width-large:100%;--awb-margin-top-large:0px;--awb-spacing-right-large:1.92%;--awb-margin-bottom-large:20px;--awb-spacing-left-large:1.92%;--awb-width-medium:100%;--awb-spacing-right-medium:1.92%;--awb-spacing-left-medium:1.92%;--awb-width-small:100%;--awb-spacing-right-small:1.92%;--awb-spacing-left-small:1.92%;\"><div class=\"fusion-column-wrapper fusion-flex-justify-content-flex-start fusion-content-layout-column\"><div class=\"fusion-title title fusion-title-1 fusion-sep-none fusion-title-center fusion-title-text fusion-title-size-two\"><h2 class=\"fusion-title-heading title-heading-center fusion-responsive-typography-calculated\" style=\"margin:0;--fontSize:47;line-height:1.2;\"><p style=\"text-align: center; color: #606060;\">Suparchrome<\/p><\/h2><\/div><div class=\"fusion-tabs fusion-tabs-1 classic vertical-tabs icon-position-left mobile-mode-accordion\" style=\"--awb-title-border-radius-top-left:0px;--awb-title-border-radius-top-right:0px;--awb-title-border-radius-bottom-right:0px;--awb-title-border-radius-bottom-left:0px;--awb-inactive-color:#f9f9fb;--awb-background-color:#ffffff;--awb-border-color:#e2e2e2;--awb-active-border-color:#f7cd27;\"><div class=\"nav\"><ul class=\"nav-tabs\" role=\"tablist\"><li class=\"active\" role=\"presentation\"><a class=\"tab-link\" data-toggle=\"tab\" role=\"tab\" aria-controls=\"tab-6b983295110a8ce7f4a\" aria-selected=\"true\" id=\"fusion-tab-producto\" href=\"#tab-6b983295110a8ce7f4a\"><h4 class=\"fusion-tab-heading\">Producto<\/h4><\/a><\/li><li role=\"presentation\"><a class=\"tab-link\" data-toggle=\"tab\" role=\"tab\" aria-controls=\"tab-a91c5dabaae190894b8\" aria-selected=\"false\" tabindex=\"-1\" id=\"fusion-tab-instrucciones\" href=\"#tab-a91c5dabaae190894b8\"><h4 class=\"fusion-tab-heading\">Instrucciones<\/h4><\/a><\/li><li role=\"presentation\"><a class=\"tab-link\" data-toggle=\"tab\" role=\"tab\" aria-controls=\"tab-75a55ab16747ee48579\" aria-selected=\"false\" tabindex=\"-1\" id=\"fusion-tab-video\" href=\"#tab-75a55ab16747ee48579\"><h4 class=\"fusion-tab-heading\">Video<\/h4><\/a><\/li><\/ul><\/div><div class=\"tab-content\"><div class=\"nav fusion-mobile-tab-nav\"><ul class=\"nav-tabs\" role=\"tablist\"><li class=\"active\" role=\"presentation\"><a class=\"tab-link\" data-toggle=\"tab\" role=\"tab\" aria-controls=\"tab-6b983295110a8ce7f4a\" aria-selected=\"true\" id=\"mobile-fusion-tab-producto\" href=\"#tab-6b983295110a8ce7f4a\"><h4 class=\"fusion-tab-heading\">Producto<\/h4><\/a><\/li><\/ul><\/div><div class=\"tab-pane fade fusion-clearfix in active\" role=\"tabpanel\" tabindex=\"0\" aria-labelledby=\"fusion-tab-producto\" id=\"tab-6b983295110a8ce7f4a\">\n<div class=\"fusion-builder-row fusion-builder-row-inner fusion-row fusion-flex-align-items-flex-start fusion-flex-content-wrap\" style=\"width:104% !important;max-width:104% !important;margin-left: calc(-4% \/ 2 );margin-right: calc(-4% \/ 2 );\"><div class=\"fusion-layout-column fusion_builder_column_inner fusion-builder-nested-column-0 fusion_builder_column_inner_2_3 2_3 fusion-flex-column\" style=\"--awb-bg-size:cover;--awb-width-large:66.666666666667%;--awb-margin-top-large:0px;--awb-spacing-right-large:2.88%;--awb-margin-bottom-large:20px;--awb-spacing-left-large:2.88%;--awb-width-medium:100%;--awb-order-medium:0;--awb-spacing-right-medium:1.92%;--awb-spacing-left-medium:1.92%;--awb-width-small:100%;--awb-order-small:0;--awb-spacing-right-small:1.92%;--awb-spacing-left-small:1.92%;\"><div class=\"fusion-column-wrapper fusion-column-has-shadow fusion-flex-justify-content-flex-start fusion-content-layout-column\">\n<div class=\"fusion-text fusion-text-1\"><p>Suparchrome es una barniz que se aplica mediante normales pistolas por salpicadura. Permite lograr un acabado similcromo con un valor de reflexi\u00f3n de aproximadamente 90%.<\/p>\n<p>Se puede aplicar sobre cualquiera superficie barnizable y tiene caracter\u00edsticas de larga resistencia al abrasi\u00f3n y a los agentes atmosf\u00e9ricos.<\/p>\n<p>Es una pintura muy f\u00e1cil de aplicar que es protegida con una capa de transparente o colorada para tener acabados de cualquiera color.<\/p>\n<p>Es disponible en kites a salir de 1lt. y es la soluci\u00f3n ideal sea por el usuario peque\u00f1o que para grandes producciones industriales, considerada su facilidad de aplicaci\u00f3n<\/p>\n<p><a href=\"https:\/\/www.newfantachrome.it\/photo-gallery-suparchrome\/\"><strong>Gallery<\/strong><\/a> &gt;<\/p>\n<\/div>\n<\/div><\/div>\n<div class=\"fusion-layout-column fusion_builder_column_inner fusion-builder-nested-column-1 fusion_builder_column_inner_1_3 1_3 fusion-flex-column\" style=\"--awb-bg-size:cover;--awb-width-large:33.333333333333%;--awb-margin-top-large:0px;--awb-spacing-right-large:5.76%;--awb-margin-bottom-large:20px;--awb-spacing-left-large:5.76%;--awb-width-medium:100%;--awb-order-medium:0;--awb-spacing-right-medium:1.92%;--awb-spacing-left-medium:1.92%;--awb-width-small:100%;--awb-order-small:0;--awb-spacing-right-small:1.92%;--awb-spacing-left-small:1.92%;\"><div class=\"fusion-column-wrapper fusion-column-has-shadow fusion-flex-justify-content-flex-start fusion-content-layout-column\">\n<div class=\"fusion-text fusion-text-2\"><p><img class=\"lazyload\" decoding=\"async\" src=\"data:image\/svg+xml,%3Csvg%20xmlns%3D%27http%3A%2F%2Fwww.w3.org%2F2000%2Fsvg%27%20width%3D%27900%27%20height%3D%27675%27%20viewBox%3D%270%200%20900%20675%27%3E%3Crect%20width%3D%27900%27%20height%3D%27675%27%20fill-opacity%3D%220%22%2F%3E%3C%2Fsvg%3E\" data-orig-src=\"https:\/\/www.newfantachrome.it\/wp-content\/uploads\/2021\/10\/KIT-SC.jpg\" \/><\/p>\n<\/div>\n<\/div><\/div><\/div>\n<\/div><div class=\"nav fusion-mobile-tab-nav\"><ul class=\"nav-tabs\" role=\"tablist\"><li role=\"presentation\"><a class=\"tab-link\" data-toggle=\"tab\" role=\"tab\" aria-controls=\"tab-a91c5dabaae190894b8\" aria-selected=\"false\" tabindex=\"-1\" id=\"mobile-fusion-tab-instrucciones\" href=\"#tab-a91c5dabaae190894b8\"><h4 class=\"fusion-tab-heading\">Instrucciones<\/h4><\/a><\/li><\/ul><\/div><div class=\"tab-pane fade fusion-clearfix\" role=\"tabpanel\" tabindex=\"0\" aria-labelledby=\"fusion-tab-instrucciones\" id=\"tab-a91c5dabaae190894b8\">\n<div id=\"intestazione\">Gu\u00eda de aplicaci\u00f3n \u2013 Efecto cromado 90%<\/p>\n<\/div>\n<div id=\"sin-top\">\n<div>\n<div><strong>\u00bfC<\/strong><strong>\u00f3<\/strong><strong>mo Aplicar Suparchrome (USO DIRECTO)?<\/strong>1. Aplicar el PRIMER catalizado, dejarlo secar a 60-70\u00b0 C de temperatura durante una hora o una hora y media.<\/p>\n<p>2. Aplicar Suparchrome con una presi\u00f3n de 1 bar, reduciendo la salida de producto de la boquilla de la pistola (boquilla de de 1,2\/1,3 mm).<\/p>\n<\/div>\n<div>3. Antes de aplicar el transparente, secar a 60-70 \u00b0 C durante una hora o una hora y media, o esperar durante 12 horas, el secado completo de SUPARChrome.4. Aplicar el transparente catalizado (para la obtenci\u00f3n de efectos de cromo).<\/p>\n<\/div>\n<div>Dejar secar a temperatura de 60-70 \u00b0 C durante 1 hora. Para obtener un efecto de color cromo pigmentado con tonalidades cromaticas, se debe mezclar el producto transparente con el pigmento de color que se entrega junto con el Kit de SUPACHROME.<strong>\u00bfC<\/strong><strong>\u00f3<\/strong><strong>mo\u00a0<\/strong><strong>aplicar SUPARCHROME (USO INDIRECTO)?<\/strong><b><br \/>\n<\/b><br \/>\nEs posible aplicar SUPARCHROME sobre cualquier material transparente (vidrio, metacrilato, policarbonato, lexan, etc), y para obtener un efecto \u201cespejo\u201d sobre el lado positivo de la superficie de la pieza (exterior).<\/p>\n<p>1. Cuando la superficie ha sido perfectamente limpiada con los productos adecuados (alcool, etc), aplicar SUPARCHROME\u00a0en la parte\u00a0 negativa (interior) de la pieza, en esta manera la superficie exterior obtendr\u00e1 un efecto cromo espejo.<\/p>\n<p>2. Cuando est\u00e9 completamente seco, se aplica la protecci\u00f3n de la pintura, transparente.<\/p>\n<\/div>\n<div>Ver video demostrativo de la aplicaci\u00f3n de Supachrome.<\/div>\n<\/div>\n<\/div>\n<p><strong><u>SUPARChrome<\/u><\/strong><strong>:\u00a0\u00a0 PATENT N. 2004A0000266.<\/strong><\/p>\n<p>&nbsp;<\/p>\n<p>CLICK AR IMAGEN ABAJO PARA ACCEDER AL LINK DE DEMOSTRACI\u00d3N<\/p>\n<\/div><div class=\"nav fusion-mobile-tab-nav\"><ul class=\"nav-tabs\" role=\"tablist\"><li role=\"presentation\"><a class=\"tab-link\" data-toggle=\"tab\" role=\"tab\" aria-controls=\"tab-75a55ab16747ee48579\" aria-selected=\"false\" tabindex=\"-1\" id=\"mobile-fusion-tab-video\" href=\"#tab-75a55ab16747ee48579\"><h4 class=\"fusion-tab-heading\">Video<\/h4><\/a><\/li><\/ul><\/div><div class=\"tab-pane fade fusion-clearfix\" role=\"tabpanel\" tabindex=\"0\" aria-labelledby=\"fusion-tab-video\" id=\"tab-75a55ab16747ee48579\">\n[Total_Soft_Gallery_Video id=\u00bb4&#8243;]\n<\/div><\/div><\/div><\/div><\/div><\/div><\/div><\/p>\n","protected":false},"excerpt":{"rendered":"","protected":false},"author":1,"featured_media":0,"parent":0,"menu_order":0,"comment_status":"closed","ping_status":"closed","template":"100-width.php","meta":{"footnotes":""},"yoast_head":"<!-- This site is optimized with the Yoast SEO plugin v22.9 - https:\/\/yoast.com\/wordpress\/plugins\/seo\/ -->\n<title>Suparchrome - New Fantachrome International<\/title>\n<meta name=\"robots\" content=\"index, follow, max-snippet:-1, max-image-preview:large, max-video-preview:-1\" \/>\n<link rel=\"canonical\" href=\"https:\/\/www.newfantachrome.it\/suparchrome\/\" \/>\n<meta property=\"og:locale\" content=\"es_ES\" \/>\n<meta property=\"og:type\" content=\"article\" \/>\n<meta property=\"og:title\" content=\"Suparchrome - New Fantachrome International\" \/>\n<meta property=\"og:url\" content=\"https:\/\/www.newfantachrome.it\/suparchrome\/\" \/>\n<meta property=\"og:site_name\" content=\"New Fantachrome International\" \/>\n<meta property=\"article:publisher\" content=\"https:\/\/www.facebook.com\/newfantachrome\" \/>\n<meta property=\"article:modified_time\" content=\"2021-10-13T15:07:55+00:00\" \/>\n<meta property=\"og:image\" content=\"https:\/\/www.newfantachrome.it\/wp-content\/uploads\/2021\/10\/KIT-SC.jpg\" \/>\n<meta name=\"twitter:card\" content=\"summary_large_image\" \/>\n<meta name=\"twitter:label1\" content=\"Tiempo de lectura\" \/>\n\t<meta name=\"twitter:data1\" content=\"12 minutos\" \/>\n<script type=\"application\/ld+json\" class=\"yoast-schema-graph\">{\"@context\":\"https:\/\/schema.org\",\"@graph\":[{\"@type\":\"WebPage\",\"@id\":\"https:\/\/www.newfantachrome.it\/suparchrome\/\",\"url\":\"https:\/\/www.newfantachrome.it\/suparchrome\/\",\"name\":\"Suparchrome - New Fantachrome International\",\"isPartOf\":{\"@id\":\"https:\/\/www.newfantachrome.it\/#website\"},\"primaryImageOfPage\":{\"@id\":\"https:\/\/www.newfantachrome.it\/suparchrome\/#primaryimage\"},\"image\":{\"@id\":\"https:\/\/www.newfantachrome.it\/suparchrome\/#primaryimage\"},\"thumbnailUrl\":\"https:\/\/www.newfantachrome.it\/wp-content\/uploads\/2021\/10\/KIT-SC.jpg\",\"datePublished\":\"2021-10-13T15:07:41+00:00\",\"dateModified\":\"2021-10-13T15:07:55+00:00\",\"breadcrumb\":{\"@id\":\"https:\/\/www.newfantachrome.it\/suparchrome\/#breadcrumb\"},\"inLanguage\":\"es\",\"potentialAction\":[{\"@type\":\"ReadAction\",\"target\":[\"https:\/\/www.newfantachrome.it\/suparchrome\/\"]}]},{\"@type\":\"ImageObject\",\"inLanguage\":\"es\",\"@id\":\"https:\/\/www.newfantachrome.it\/suparchrome\/#primaryimage\",\"url\":\"https:\/\/www.newfantachrome.it\/wp-content\/uploads\/2021\/10\/KIT-SC.jpg\",\"contentUrl\":\"https:\/\/www.newfantachrome.it\/wp-content\/uploads\/2021\/10\/KIT-SC.jpg\"},{\"@type\":\"BreadcrumbList\",\"@id\":\"https:\/\/www.newfantachrome.it\/suparchrome\/#breadcrumb\",\"itemListElement\":[{\"@type\":\"ListItem\",\"position\":1,\"name\":\"Home\",\"item\":\"https:\/\/www.newfantachrome.it\/home\/\"},{\"@type\":\"ListItem\",\"position\":2,\"name\":\"Suparchrome\"}]},{\"@type\":\"WebSite\",\"@id\":\"https:\/\/www.newfantachrome.it\/#website\",\"url\":\"https:\/\/www.newfantachrome.it\/\",\"name\":\"New Fantachrome International\",\"description\":\"Special paints and equipment\",\"publisher\":{\"@id\":\"https:\/\/www.newfantachrome.it\/#organization\"},\"potentialAction\":[{\"@type\":\"SearchAction\",\"target\":{\"@type\":\"EntryPoint\",\"urlTemplate\":\"https:\/\/www.newfantachrome.it\/?s={search_term_string}\"},\"query-input\":\"required name=search_term_string\"}],\"inLanguage\":\"es\"},{\"@type\":\"Organization\",\"@id\":\"https:\/\/www.newfantachrome.it\/#organization\",\"name\":\"New Fantachrome International\",\"url\":\"https:\/\/www.newfantachrome.it\/\",\"logo\":{\"@type\":\"ImageObject\",\"inLanguage\":\"es\",\"@id\":\"https:\/\/www.newfantachrome.it\/#\/schema\/logo\/image\/\",\"url\":\"https:\/\/www.newfantachrome.it\/wp-content\/uploads\/2021\/09\/logo-scritta-nera-250px.png\",\"contentUrl\":\"https:\/\/www.newfantachrome.it\/wp-content\/uploads\/2021\/09\/logo-scritta-nera-250px.png\",\"width\":250,\"height\":114,\"caption\":\"New Fantachrome International\"},\"image\":{\"@id\":\"https:\/\/www.newfantachrome.it\/#\/schema\/logo\/image\/\"},\"sameAs\":[\"https:\/\/www.facebook.com\/newfantachrome\"]}]}<\/script>\n<!-- \/ Yoast SEO plugin. -->","yoast_head_json":{"title":"Suparchrome - New Fantachrome International","robots":{"index":"index","follow":"follow","max-snippet":"max-snippet:-1","max-image-preview":"max-image-preview:large","max-video-preview":"max-video-preview:-1"},"canonical":"https:\/\/www.newfantachrome.it\/suparchrome\/","og_locale":"es_ES","og_type":"article","og_title":"Suparchrome - New Fantachrome International","og_url":"https:\/\/www.newfantachrome.it\/suparchrome\/","og_site_name":"New Fantachrome International","article_publisher":"https:\/\/www.facebook.com\/newfantachrome","article_modified_time":"2021-10-13T15:07:55+00:00","og_image":[{"url":"https:\/\/www.newfantachrome.it\/wp-content\/uploads\/2021\/10\/KIT-SC.jpg"}],"twitter_card":"summary_large_image","twitter_misc":{"Tiempo de lectura":"12 minutos"},"schema":{"@context":"https:\/\/schema.org","@graph":[{"@type":"WebPage","@id":"https:\/\/www.newfantachrome.it\/suparchrome\/","url":"https:\/\/www.newfantachrome.it\/suparchrome\/","name":"Suparchrome - New Fantachrome International","isPartOf":{"@id":"https:\/\/www.newfantachrome.it\/#website"},"primaryImageOfPage":{"@id":"https:\/\/www.newfantachrome.it\/suparchrome\/#primaryimage"},"image":{"@id":"https:\/\/www.newfantachrome.it\/suparchrome\/#primaryimage"},"thumbnailUrl":"https:\/\/www.newfantachrome.it\/wp-content\/uploads\/2021\/10\/KIT-SC.jpg","datePublished":"2021-10-13T15:07:41+00:00","dateModified":"2021-10-13T15:07:55+00:00","breadcrumb":{"@id":"https:\/\/www.newfantachrome.it\/suparchrome\/#breadcrumb"},"inLanguage":"es","potentialAction":[{"@type":"ReadAction","target":["https:\/\/www.newfantachrome.it\/suparchrome\/"]}]},{"@type":"ImageObject","inLanguage":"es","@id":"https:\/\/www.newfantachrome.it\/suparchrome\/#primaryimage","url":"https:\/\/www.newfantachrome.it\/wp-content\/uploads\/2021\/10\/KIT-SC.jpg","contentUrl":"https:\/\/www.newfantachrome.it\/wp-content\/uploads\/2021\/10\/KIT-SC.jpg"},{"@type":"BreadcrumbList","@id":"https:\/\/www.newfantachrome.it\/suparchrome\/#breadcrumb","itemListElement":[{"@type":"ListItem","position":1,"name":"Home","item":"https:\/\/www.newfantachrome.it\/home\/"},{"@type":"ListItem","position":2,"name":"Suparchrome"}]},{"@type":"WebSite","@id":"https:\/\/www.newfantachrome.it\/#website","url":"https:\/\/www.newfantachrome.it\/","name":"New Fantachrome International","description":"Special paints and equipment","publisher":{"@id":"https:\/\/www.newfantachrome.it\/#organization"},"potentialAction":[{"@type":"SearchAction","target":{"@type":"EntryPoint","urlTemplate":"https:\/\/www.newfantachrome.it\/?s={search_term_string}"},"query-input":"required name=search_term_string"}],"inLanguage":"es"},{"@type":"Organization","@id":"https:\/\/www.newfantachrome.it\/#organization","name":"New Fantachrome International","url":"https:\/\/www.newfantachrome.it\/","logo":{"@type":"ImageObject","inLanguage":"es","@id":"https:\/\/www.newfantachrome.it\/#\/schema\/logo\/image\/","url":"https:\/\/www.newfantachrome.it\/wp-content\/uploads\/2021\/09\/logo-scritta-nera-250px.png","contentUrl":"https:\/\/www.newfantachrome.it\/wp-content\/uploads\/2021\/09\/logo-scritta-nera-250px.png","width":250,"height":114,"caption":"New Fantachrome International"},"image":{"@id":"https:\/\/www.newfantachrome.it\/#\/schema\/logo\/image\/"},"sameAs":["https:\/\/www.facebook.com\/newfantachrome"]}]}},"_links":{"self":[{"href":"https:\/\/www.newfantachrome.it\/es\/wp-json\/wp\/v2\/pages\/1717"}],"collection":[{"href":"https:\/\/www.newfantachrome.it\/es\/wp-json\/wp\/v2\/pages"}],"about":[{"href":"https:\/\/www.newfantachrome.it\/es\/wp-json\/wp\/v2\/types\/page"}],"author":[{"embeddable":true,"href":"https:\/\/www.newfantachrome.it\/es\/wp-json\/wp\/v2\/users\/1"}],"replies":[{"embeddable":true,"href":"https:\/\/www.newfantachrome.it\/es\/wp-json\/wp\/v2\/comments?post=1717"}],"version-history":[{"count":7,"href":"https:\/\/www.newfantachrome.it\/es\/wp-json\/wp\/v2\/pages\/1717\/revisions"}],"predecessor-version":[{"id":1724,"href":"https:\/\/www.newfantachrome.it\/es\/wp-json\/wp\/v2\/pages\/1717\/revisions\/1724"}],"wp:attachment":[{"href":"https:\/\/www.newfantachrome.it\/es\/wp-json\/wp\/v2\/media?parent=1717"}],"curies":[{"name":"wp","href":"https:\/\/api.w.org\/{rel}","templated":true}]}}